{"id":316,"date":"2023-06-07T11:35:24","date_gmt":"2023-06-07T09:35:24","guid":{"rendered":"https:\/\/moakro.cz\/02\/?page_id=316"},"modified":"2023-08-01T21:40:16","modified_gmt":"2023-08-01T19:40:16","slug":"co-je-moakro-o-mne","status":"publish","type":"page","link":"https:\/\/moakro.cz\/02\/co-je-moakro-o-mne\/","title":{"rendered":"Co je MOaKRO \/ O mn\u011b"},"content":{"rendered":"\n<p>MOaKRO je zkratka pro M\u00f3du a kroje.<\/p>\n\n\n\n<p>Ve sv\u00e9 \u010dinnosti se zam\u011b\u0159uji na v\u00fdrobu lidov\u00fdch kroj\u016f, p\u0159edev\u0161\u00edm z oblasti Vala\u0161ska, \u0161it\u00ed m\u00f3dy inspirovan\u00e9 folkl\u00f3rem, v\u00fdrobu tradi\u010dn\u00edch textiln\u00edch hra\u010dek a malov\u00e1n\u00ed kraslic.<\/p>\n\n\n\n<p>Ve v\u0161ech zm\u00edn\u011bn\u00fdch \u0159emesln\u00fdch oborech spolupracuji p\u0159es 20 let s Vala\u0161sk\u00fdm muzeem v p\u0159\u00edrod\u011b v Ro\u017enov\u011b pod Radho\u0161t\u011bm, kde p\u016fsob\u00edm jako lektor p\u0159i v\u00fdchovn\u011b vzd\u011bl\u00e1vac\u00edch programech pro d\u011bti i dosp\u011bl\u00e9. Sama po\u0159\u00e1d\u00e1m kurzy malov\u00e1n\u00ed kraslic ve \u0161kol\u00e1ch i jin\u00fdch z\u00e1jmov\u00fdch organizac\u00edch.<\/p>\n\n\n\n<p>Je pro m\u011b d\u016fle\u017eit\u00e9 ct\u00edt tradice, zachov\u00e1vat je a p\u0159ed\u00e1vat dal\u0161\u00edm generac\u00edm tak, aby pro n\u00e1s z\u016fst\u00e1valy st\u00e1le \u017eivou inspirac\u00ed.<\/p>\n\n\n\n<p>Obory \u010dinnosti:<\/p>\n\n\n\n<p>V\u00ddROBA <strong>LIDOV\u00ddCH KROJ\u016e<\/strong><\/p>\n\n\n\n<p>V\u00ddROBA <strong>STYLOV\u00ddCH M\u00d3DN\u00cdCH OD\u011aV\u016e<\/strong><\/p>\n\n\n\n<p><strong>KROJE<\/strong><br>Zak\u00e1zkov\u00e1 v\u00fdroba:<\/p>\n\n\n\n<p>Podm\u00ednky: Z\u00e1kazn\u00edka je nutn\u00e9 zm\u011b\u0159it a v pr\u016fb\u011bhu \u0161it\u00ed po\u010d\u00edtat s 1 a\u017e 2 zkou\u0161kami kroje p\u0159ed jeho fin\u00e1ln\u00edm dokon\u010den\u00edm. P\u0159i m\u011b\u0159en\u00ed se up\u0159esn\u00ed detaily (typ kroje, materi\u00e1l, zdoben\u00ed, cena, term\u00edn zhotoven\u00ed\u2026)<\/p>\n\n\n\n<p>Pozn.: u p\u00e1nsk\u00e9 ko\u0161ile, d\u00e1msk\u00fdch ruk\u00e1vc\u016f, opl\u00e9\u010dka, a sukn\u00ed NEN\u00cd NUTN\u00c9 m\u011b\u0159en\u00ed ani zkou\u0161ka.<\/p>\n\n\n\n<p>Konfek\u010dn\u00ed v\u00fdroba:<\/p>\n\n\n\n<p>Podm\u00ednky: Tento zp\u016fsob vyu\u017e\u00edvaj\u00ed p\u0159edev\u0161\u00edm folkl\u00f3rn\u00ed soubory, kdy kroj st\u0159\u00edd\u00e1 majitele, nen\u00ed proto mo\u017en\u00e9 \u0161\u00edt na konkr\u00e9tn\u00ed osobu. P\u0159i v\u00fdrob\u011b kroje vych\u00e1z\u00edm z konfek\u010dn\u00edch velikost\u00ed d\u00e1msk\u00fdch 36 \u2013 44, p\u00e1nsk\u00fdch 48 \u2013 56 (neboli S \u2013 XXL), odpad\u00e1 tedy m\u011b\u0159en\u00ed i zkou\u0161ka od\u011bvu.<\/p>\n\n\n\n<p><strong>M\u00d3DN\u00cd OD\u011aVY<\/strong><br>Navrhuji od\u011bvy, kter\u00e9 vych\u00e1zej\u00ed z tradi\u010dn\u00ed krojov\u00e9 m\u00f3dy. Inspiruji se st\u0159ihem, materi\u00e1lem a detaily zdoben\u00ed lidov\u00fdch kroj\u016f. Modely \u0161it\u00e9 na zak\u00e1zku jsou origin\u00e1ly. Hotov\u00e9 \u201ekonfek\u010dn\u00ed\u201c od\u011bvy zhotovuji v mal\u00fdch kolekc\u00edch (maxim\u00e1ln\u011b \u010dty\u0159i kusy od velikosti).<\/p>\n\n\n\n<p>Zak\u00e1zkov\u00e1 v\u00fdroba:<\/p>\n\n\n\n<p>Podm\u00ednky: Z\u00e1kazn\u00edka je nutn\u00e9 zm\u011b\u0159it a v pr\u016fb\u011bhu \u0161it\u00ed po\u010d\u00edtat s 1 a\u017e 2 zkou\u0161kami od\u011bvu p\u0159ed jeho fin\u00e1ln\u00edm dokon\u010den\u00edm. P\u0159i m\u011b\u0159en\u00ed se up\u0159esn\u00ed detaily (typ, materi\u00e1l, zdoben\u00ed, cena, term\u00edn zhotoven\u00ed\u2026).<\/p>\n\n\n\n<p>Konfek\u010dn\u00ed v\u00fdroba:<\/p>\n\n\n\n<p>Podm\u00ednky: P\u0159i v\u00fdrob\u011b od\u011bv\u016f vych\u00e1z\u00edm z konfek\u010dn\u00edch velikost\u00ed d\u00e1msk\u00fdch 36 \u2013 44, p\u00e1nsk\u00fdch 48 \u2013 56 (neboli S \u2013 XXL), odpad\u00e1 tedy m\u011b\u0159en\u00ed i zkou\u0161ka od\u011bvu.<\/p>\n\n\n\n<p><strong>CEN\u00cdK ZAK\u00c1ZKOV\u00c9 V\u00ddROBY<\/strong><\/p>\n\n\n\n<p>SUKN\u011a &#8230;&#8230;&#8230;&#8230;&#8230;&#8230;&#8230;&#8230;&#8230;&#8230;&#8230;&#8230;&#8230;&#8230;&#8230;&#8230;&#8230;&#8230;&#8230;&#8230;&#8230;&#8230;&#8230;&#8230;&#8230;..800 &#8211; 2000 K\u010d<\/p>\n\n\n\n<p>\u0160ATY &#8230;&#8230;&#8230;&#8230;&#8230;&#8230;&#8230;&#8230;&#8230;&#8230;&#8230;&#8230;&#8230;&#8230;&#8230;&#8230;&#8230;&#8230;&#8230;&#8230;&#8230;&#8230;&#8230;&#8230;&#8230;&#8230;.. 1200 &#8211; 2700 K\u010d<\/p>\n\n\n\n<p>SPOLE\u010cENSK\u00c9 \u0160ATY &#8230;&#8230;&#8230;&#8230;&#8230;&#8230;&#8230;&#8230;&#8230;&#8230;&#8230;&#8230;&#8230;&#8230;&#8230;&#8230;.. 3600 &#8211; 15000 K\u010d<\/p>\n\n\n\n<p>HALENKA &#8230;&#8230;&#8230;&#8230;&#8230;&#8230;&#8230;&#8230;&#8230;&#8230;&#8230;&#8230;&#8230;&#8230;&#8230;&#8230;&#8230;&#8230;&#8230;&#8230;&#8230;&#8230;&#8230;..   800 &#8211; 1900 K\u010d<\/p>\n\n\n\n<p>TRIKO &#8230;&#8230;&#8230;&#8230;&#8230;&#8230;&#8230;&#8230;&#8230;&#8230;&#8230;&#8230;&#8230;&#8230;&#8230;&#8230;&#8230;&#8230;&#8230;&#8230;&#8230;&#8230;&#8230;&#8230;&#8230;&#8230;.   450 &#8211; 900 K\u010d<\/p>\n\n\n\n<p>KAB\u00c1T &#8230;&#8230;&#8230;&#8230;&#8230;&#8230;&#8230;&#8230;&#8230;&#8230;&#8230;&#8230;&#8230;&#8230;&#8230;&#8230;&#8230;&#8230;&#8230;&#8230;&#8230;&#8230;&#8230;&#8230;&#8230;&#8230;  6500 &#8211; 15000K\u010d<\/p>\n\n\n\n<p>SAKO, BLEJZR &#8230;&#8230;&#8230;&#8230;&#8230;&#8230;&#8230;&#8230;&#8230;&#8230;&#8230;&#8230;&#8230;&#8230;&#8230;&#8230;&#8230;&#8230;&#8230;&#8230;&#8230;. 1850 &#8211; 6000 K\u010d<\/p>\n\n\n\n<p><strong>UVEDN\u00c9 CENY JSOU ZA PR\u00c1CI, BEZ MATERI\u00c1LU.<\/strong><\/p>\n\n\n\n<p><\/p>\n","protected":false},"excerpt":{"rendered":"<p>MOaKRO je zkratka pro M\u00f3du a kroje. Ve sv\u00e9 \u010dinnosti se zam\u011b\u0159uji na v\u00fdrobu lidov\u00fdch kroj\u016f, p\u0159edev\u0161\u00edm z oblasti Vala\u0161ska, \u0161it\u00ed m\u00f3dy inspirovan\u00e9 folkl\u00f3rem, v\u00fdrobu &hellip; <\/p>\n","protected":false},"author":1,"featured_media":0,"parent":0,"menu_order":0,"comment_status":"closed","ping_status":"closed","template":"","meta":{"footnotes":""},"class_list":["post-316","page","type-page","status-publish","hentry"],"_links":{"self":[{"href":"https:\/\/moakro.cz\/02\/wp-json\/wp\/v2\/pages\/316","targetHints":{"allow":["GET"]}}],"collection":[{"href":"https:\/\/moakro.cz\/02\/wp-json\/wp\/v2\/pages"}],"about":[{"href":"https:\/\/moakro.cz\/02\/wp-json\/wp\/v2\/types\/page"}],"author":[{"embeddable":true,"href":"https:\/\/moakro.cz\/02\/wp-json\/wp\/v2\/users\/1"}],"replies":[{"embeddable":true,"href":"https:\/\/moakro.cz\/02\/wp-json\/wp\/v2\/comments?post=316"}],"version-history":[{"count":3,"href":"https:\/\/moakro.cz\/02\/wp-json\/wp\/v2\/pages\/316\/revisions"}],"predecessor-version":[{"id":737,"href":"https:\/\/moakro.cz\/02\/wp-json\/wp\/v2\/pages\/316\/revisions\/737"}],"wp:attachment":[{"href":"https:\/\/moakro.cz\/02\/wp-json\/wp\/v2\/media?parent=316"}],"curies":[{"name":"wp","href":"https:\/\/api.w.org\/{rel}","templated":true}]}}